{"id":5531,"date":"2017-02-11T22:23:25","date_gmt":"2017-02-11T21:23:25","guid":{"rendered":"http:\/\/gnidica.com\/trgovina\/mangalitza-schweinelenden\/"},"modified":"2020-01-07T12:08:09","modified_gmt":"2020-01-07T11:08:09","slug":"mangalitza-schweinelenden","status":"publish","type":"product","link":"https:\/\/gnidica.com\/de\/trgovina\/mangalitza-schweinelenden\/","title":{"rendered":"Mangalitza Schweinelenden"},"content":{"rendered":"","protected":false},"excerpt":{"rendered":"<p>Eine Fleischware von Mangalitza Schweinen, die auf unserem Bauernhof weiden. F\u00fcr den ausgezeichneten Geschmack werden die Schweine ungef\u00e4hr zwei Jahre gez\u00fcchtet, die Fleischware selbst reift ein Jahr. Die Fleischware vom Mangalitza-Schwein hat einen ausgezeichneten Geschmack und zergeht ganz einfach auf der Zunge. Vakuum verpackt.<\/p>\n","protected":false},"featured_media":23100,"template":"","meta":{"googlesitekit_rrm_CAowovvbCw:productID":""},"product_brand":[],"product_cat":[143],"product_tag":[],"class_list":{"0":"post-5531","1":"product","2":"type-product","3":"status-publish","4":"has-post-thumbnail","6":"product_cat-mangalitza","8":"first","9":"instock","10":"taxable","11":"shipping-taxable","12":"purchasable","13":"product-type-variable"},"_links":{"self":[{"href":"https:\/\/gnidica.com\/de\/wp-json\/wp\/v2\/product\/5531","targetHints":{"allow":["GET"]}}],"collection":[{"href":"https:\/\/gnidica.com\/de\/wp-json\/wp\/v2\/product"}],"about":[{"href":"https:\/\/gnidica.com\/de\/wp-json\/wp\/v2\/types\/product"}],"wp:featuredmedia":[{"embeddable":true,"href":"https:\/\/gnidica.com\/de\/wp-json\/wp\/v2\/media\/23100"}],"wp:attachment":[{"href":"https:\/\/gnidica.com\/de\/wp-json\/wp\/v2\/media?parent=5531"}],"wp:term":[{"taxonomy":"product_brand","embeddable":true,"href":"https:\/\/gnidica.com\/de\/wp-json\/wp\/v2\/product_brand?post=5531"},{"taxonomy":"product_cat","embeddable":true,"href":"https:\/\/gnidica.com\/de\/wp-json\/wp\/v2\/product_cat?post=5531"},{"taxonomy":"product_tag","embeddable":true,"href":"https:\/\/gnidica.com\/de\/wp-json\/wp\/v2\/product_tag?post=5531"}],"curies":[{"name":"wp","href":"https:\/\/api.w.org\/{rel}","templated":true}]}}