{"id":5532,"date":"2017-02-11T22:18:44","date_gmt":"2017-02-11T21:18:44","guid":{"rendered":"http:\/\/gnidica.com\/trgovina\/grieben-im-schmalz\/"},"modified":"2020-01-07T12:58:55","modified_gmt":"2020-01-07T11:58:55","slug":"grieben-im-schmalz","status":"publish","type":"product","link":"https:\/\/gnidica.com\/de\/trgovina\/grieben-im-schmalz\/","title":{"rendered":"Grieben im Schmalz"},"content":{"rendered":"","protected":false},"excerpt":{"rendered":"<p>Der Speck wird zuerst gemahlen, gebrutzelt, dann werden die Zwiebeln und die Milch zugef\u00fcgt. Verpackt in B\u00e4chern j\u00e9 500g.<\/p>\n","protected":false},"featured_media":23116,"template":"","meta":{"googlesitekit_rrm_CAowovvbCw:productID":""},"product_brand":[],"product_cat":[144],"product_tag":[],"class_list":{"0":"post-5532","1":"product","2":"type-product","3":"status-publish","4":"has-post-thumbnail","6":"product_cat-grieben-und-schmalz","8":"first","9":"instock","10":"taxable","11":"shipping-taxable","12":"purchasable","13":"product-type-simple"},"_links":{"self":[{"href":"https:\/\/gnidica.com\/de\/wp-json\/wp\/v2\/product\/5532","targetHints":{"allow":["GET"]}}],"collection":[{"href":"https:\/\/gnidica.com\/de\/wp-json\/wp\/v2\/product"}],"about":[{"href":"https:\/\/gnidica.com\/de\/wp-json\/wp\/v2\/types\/product"}],"wp:featuredmedia":[{"embeddable":true,"href":"https:\/\/gnidica.com\/de\/wp-json\/wp\/v2\/media\/23116"}],"wp:attachment":[{"href":"https:\/\/gnidica.com\/de\/wp-json\/wp\/v2\/media?parent=5532"}],"wp:term":[{"taxonomy":"product_brand","embeddable":true,"href":"https:\/\/gnidica.com\/de\/wp-json\/wp\/v2\/product_brand?post=5532"},{"taxonomy":"product_cat","embeddable":true,"href":"https:\/\/gnidica.com\/de\/wp-json\/wp\/v2\/product_cat?post=5532"},{"taxonomy":"product_tag","embeddable":true,"href":"https:\/\/gnidica.com\/de\/wp-json\/wp\/v2\/product_tag?post=5532"}],"curies":[{"name":"wp","href":"https:\/\/api.w.org\/{rel}","templated":true}]}}