{"id":5534,"date":"2017-02-11T22:10:19","date_gmt":"2017-02-11T21:10:19","guid":{"rendered":"http:\/\/gnidica.com\/trgovina\/paprikasalami\/"},"modified":"2020-01-07T13:39:56","modified_gmt":"2020-01-07T12:39:56","slug":"paprikasalami","status":"publish","type":"product","link":"https:\/\/gnidica.com\/de\/trgovina\/paprikasalami\/","title":{"rendered":"Paprikasalami"},"content":{"rendered":"","protected":false},"excerpt":{"rendered":"<p>Aus erlesenem Schweine- und Rindfleisch slowenischer Herkunft, welchem s\u00fc\u00dfe und feurige Paprika zugef\u00fcgt wird. Salami ist vakuumverpackt.<\/p>\n","protected":false},"featured_media":17155,"template":"","meta":{"googlesitekit_rrm_CAowovvbCw:productID":""},"product_brand":[],"product_cat":[140],"product_tag":[],"class_list":{"0":"post-5534","1":"product","2":"type-product","3":"status-publish","4":"has-post-thumbnail","6":"product_cat-salami-de-2","8":"first","9":"instock","10":"taxable","11":"shipping-taxable","12":"purchasable","13":"product-type-variable"},"_links":{"self":[{"href":"https:\/\/gnidica.com\/de\/wp-json\/wp\/v2\/product\/5534","targetHints":{"allow":["GET"]}}],"collection":[{"href":"https:\/\/gnidica.com\/de\/wp-json\/wp\/v2\/product"}],"about":[{"href":"https:\/\/gnidica.com\/de\/wp-json\/wp\/v2\/types\/product"}],"wp:featuredmedia":[{"embeddable":true,"href":"https:\/\/gnidica.com\/de\/wp-json\/wp\/v2\/media\/17155"}],"wp:attachment":[{"href":"https:\/\/gnidica.com\/de\/wp-json\/wp\/v2\/media?parent=5534"}],"wp:term":[{"taxonomy":"product_brand","embeddable":true,"href":"https:\/\/gnidica.com\/de\/wp-json\/wp\/v2\/product_brand?post=5534"},{"taxonomy":"product_cat","embeddable":true,"href":"https:\/\/gnidica.com\/de\/wp-json\/wp\/v2\/product_cat?post=5534"},{"taxonomy":"product_tag","embeddable":true,"href":"https:\/\/gnidica.com\/de\/wp-json\/wp\/v2\/product_tag?post=5534"}],"curies":[{"name":"wp","href":"https:\/\/api.w.org\/{rel}","templated":true}]}}