{"id":16950,"date":"2017-02-11T22:17:16","date_gmt":"2017-02-11T21:17:16","guid":{"rendered":"https:\/\/gnidica.com\/trgovina\/liver-pate\/"},"modified":"2020-01-07T13:23:27","modified_gmt":"2020-01-07T12:23:27","slug":"liver-pate","status":"publish","type":"product","link":"https:\/\/gnidica.com\/en\/trgovina\/liver-pate\/","title":{"rendered":"Liver p\u00e2t\u00e9"},"content":{"rendered":"","protected":false},"excerpt":{"rendered":"<p>The meat is saut\u00e9d on lard of Mangulica with reduced cholesterol and with no added flavour enhancers.<\/p>\n","protected":false},"featured_media":23086,"template":"","meta":{"googlesitekit_rrm_CAowovvbCw:productID":""},"product_brand":[],"product_cat":[181],"product_tag":[],"class_list":{"0":"post-16950","1":"product","2":"type-product","3":"status-publish","4":"has-post-thumbnail","6":"product_cat-spreads-en","8":"first","9":"instock","10":"taxable","11":"shipping-taxable","12":"purchasable","13":"product-type-simple"},"_links":{"self":[{"href":"https:\/\/gnidica.com\/en\/wp-json\/wp\/v2\/product\/16950","targetHints":{"allow":["GET"]}}],"collection":[{"href":"https:\/\/gnidica.com\/en\/wp-json\/wp\/v2\/product"}],"about":[{"href":"https:\/\/gnidica.com\/en\/wp-json\/wp\/v2\/types\/product"}],"wp:featuredmedia":[{"embeddable":true,"href":"https:\/\/gnidica.com\/en\/wp-json\/wp\/v2\/media\/23086"}],"wp:attachment":[{"href":"https:\/\/gnidica.com\/en\/wp-json\/wp\/v2\/media?parent=16950"}],"wp:term":[{"taxonomy":"product_brand","embeddable":true,"href":"https:\/\/gnidica.com\/en\/wp-json\/wp\/v2\/product_brand?post=16950"},{"taxonomy":"product_cat","embeddable":true,"href":"https:\/\/gnidica.com\/en\/wp-json\/wp\/v2\/product_cat?post=16950"},{"taxonomy":"product_tag","embeddable":true,"href":"https:\/\/gnidica.com\/en\/wp-json\/wp\/v2\/product_tag?post=16950"}],"curies":[{"name":"wp","href":"https:\/\/api.w.org\/{rel}","templated":true}]}}