{"id":5476,"date":"2017-02-11T18:08:21","date_gmt":"2017-02-11T17:08:21","guid":{"rendered":"http:\/\/gnidica.com\/splosni-pogoji\/"},"modified":"2017-04-25T10:11:41","modified_gmt":"2017-04-25T08:11:41","slug":"condizioni-generali","status":"publish","type":"page","link":"https:\/\/gnidica.com\/it\/condizioni-generali\/","title":{"rendered":"Condizioni generali"},"content":{"rendered":"[vc_row][vc_column][vc_column_text]\n<h4 style=\"text-align: left;\">&nbsp;<\/h4>\n<p>Le condizioni generali di commercio del negozio online gnidica.com sono composte conformemente alla Legge sulla tutela dei consumatori (ZVPot), alla Legge sulla protezione dei consumatori contro le pratiche commerciali sleali (ZVPNPP) e alla Legge sul commercio elettronico sul mercato (ZEPT) e ai codici internazionali per il commercio online con raccomandazioni di GZS. Il negozio online \u00e8 dedicato alla presentazione e alla vendita dei prodotti all\u2019utente. \u00c8 gestito da Jo\u017ee Gnidica, fattoria Gnidica, Lon\u010darjev Dol 40, 8290 Sevnica. L\u2019utente \u00e8 l\u2019acquirente nel negozio online.<\/p>\n<h3>Accesso ai dati<\/h3>\n<p>L\u2019offerente si impegna a garantire sempre all\u2019acquirente informazioni corrette, quali:<\/p>\n<p>\u2013 i dati sull\u2019impresa (denominazione e sede dell\u2019impresa, numero di registrazione),<\/p>\n<p>\u2013 caratteristiche essenziali della merce ovvero dei servizi,<\/p>\n<p>\u2013 indirizzi di contatto che permettono una comunicazione veloce e efficace (e-mail, telefono),<\/p>\n<p>\u2013 disponibilit\u00e0 dei prodotti (ogni prodotto o servizio in offerta nel negozio online \u00e8 disponibile nel termine determinato),<\/p>\n<p>\u2013 tutti i prezzi devono essere chiaramente e indubbiamente determinati, inoltre deve essere indicato se contengono gi\u00e0 le imposte e le spese di trasporto,<\/p>\n<p>\u2013 condizioni di consegna del prodotto (modalit\u00e0, luogo e data di consegna),<\/p>\n<p>\u2013 modalit\u00e0 di pagamento e consegna,<\/p>\n<p>\u2013 validit\u00e0 temporale dell\u2019offerta,<\/p>\n<p>\u2013 termine nel quale \u00e8 ancora possibile recedere dal contratto e condizioni di recessione; inoltre se e quanto viene a costare all\u2019acquirente la restituzione del prodotto,<\/p>\n<p>\u2013 deve essere chiarita la procedura di reclamo, inclusi tutti i dati sulla persona di contatto o sul servizio per il contatto con gli acquirenti.<\/p>\n<h3>Modalit\u00e0 di pagamento<\/h3>\n<p>\u00c8 possibile il pagamento in contanti alla consegna del pacchetto al postino oppure in contanti personalmente alla fattoria. Inoltre \u00e8 possibile il pagamento secondo preventivo, con carta di credito e tramite je sistema Pay Pal. La fattura \u00e8 allegata al pacchetto.<\/p>\n<h3>Prezzi<\/h3>\n<p>Tutti i prezzi contengono l\u2019IVA e sono in euro (\u20ac). I prezzi valgono nel momento dell\u2019invio dell\u2019ordine e non hanno una validit\u00e0 predeterminata. Ci riserviamo il diritto di modifiche quotidiane dei prezzi tranne se indicato diversamente (per esempio in caso di offerte e sconti speciali).<\/p>\n<h3>Procedura di acquisto, pagamento e ritiro della merce<\/h3>\n<p>L\u2019acquirente sceglie un articolo e cliccando sul carrello aggiunge l\u2019articolo al carrello. Prima di inviare l\u2019ordine bisogna verificare il contenuto del carrello. Dopodich\u00e9 l\u2019ordine viene confermato cliccando sulla cassa. Qui bisogna indicare i dati personali e l\u2019indirizzo per la consegna. Inoltre bisogna confermare che si \u00e8 d\u2019accordo con le condizioni di commercio. I prezzi, indicati nella pagina web, includono le spese di consegna.<\/p>\n<h3>Consegna\/ termine di consegna<\/h3>\n<p>La merce ordinata che \u00e8 a disposizione viene consegnata in Slovenia entro 3 giorni lavorativi dalla ricezione dell\u2019ordine. &nbsp;La consegna della merce all\u2019estero invece viene eseguita entro 10 giorni lavorativi. Per i prodotti che non sono a disposizione il termine di consegna \u00e8 fino a 15 giorni lavorativi dalla ricezione dell\u2019ordine. Nel caso il prodotto non sia a disposizione vi informeremo in forma scritta tramite e-mail.<\/p>\n<h3>Consegna<\/h3>\n<p>La merce ordinata nel negozio online gnidica.com viene consegnata dal partner contrattuale GLS. \u00c8 possibile anche il ritiro personale della merce ordinata presso la fattoria Gnidica, Lon\u010darjev Dol 40, 8290 Sevnica. Nel caso di danneggiamento della merce durante il trasporto contattate l\u2019offerente che eliminer\u00e0 il problema nel minor tempo possibile in modo da consegnarvi un prodotto in stato perfetto.<\/p>\n<h3>Diritto alla privacy<\/h3>\n<p>L\u2019offerente si impegna a tutelare permanentemente tutti i dati personali conformemente alle Legge sulla tutela dei dati personali (G.U. RS n<sup>o<\/sup> 86\/2004), alla Legge sulle comunicazioni elettroniche (ZEK-om, G.U. RS, n<sup>o<\/sup> 43\/2004). Tutti i dati ottenuti dalla pagina web gnidica.com verranno utilizzati esclusivamente per inviare materiale informativo, offerte, fatture e per l\u2019altra comunicazione necessaria.<\/p>\n<p>Tutela dei dati: l\u2019offerente si impegna a tutelare permanentemente tutti i dati personali. I dati degli utenti del nostro negozio online non verranno in alcun caso trasmessi a terzi.<\/p>\n<h3>Ricorsi e controversie<\/h3>\n<p>L\u2019offerente rispetta la legislazione in vigore sulla tutela dei consumatori. I ricorsi e i reclami possono essere inviati dagli utenti tramite e-mail info@gnidica.com o per posta classica all\u2019indirizzo: operatore di attivit\u00e0 complementare in fattoria \u2013 Jo\u017ee Gnidica, Kmetija Gnidica, Lon\u010darjev Dol 40, 8290 Sevnica. L\u2019offerente deve confermare entro un termine di cinque giorni di aver ricevuto il ricorso, comunicare all\u2019utente quanto tempo la tratter\u00e0 e informarlo costantemente sull\u2019andamento della procedura. L\u2019offerente si impegna con tutte le sue forze a risolvere consensualmente eventuali controversie.<\/p>\n<p>&nbsp;[\/vc_column_text][\/vc_column][\/vc_row]\n","protected":false},"excerpt":{"rendered":"[vc_row][vc_column][vc_column_text] &nbsp; Le condizioni generali di commercio del negozio online gnidica.com sono composte conformemente alla Legge sulla tutela dei consumatori (ZVPot), alla Legge sulla protezione dei consumatori contro le pratiche commerciali sleali (ZVPNPP) e alla Legge sul commercio elettronico sul mercato (ZEPT) e ai codici internazionali per il commercio online con raccomandazioni di GZS. Il [&#8230;]\n","protected":false},"author":1375,"featured_media":0,"parent":0,"menu_order":0,"comment_status":"closed","ping_status":"closed","template":"","meta":{"googlesitekit_rrm_CAowovvbCw:productID":"","footnotes":""},"class_list":["post-5476","page","type-page","status-publish","hentry"],"_links":{"self":[{"href":"https:\/\/gnidica.com\/it\/wp-json\/wp\/v2\/pages\/5476","targetHints":{"allow":["GET"]}}],"collection":[{"href":"https:\/\/gnidica.com\/it\/wp-json\/wp\/v2\/pages"}],"about":[{"href":"https:\/\/gnidica.com\/it\/wp-json\/wp\/v2\/types\/page"}],"author":[{"embeddable":true,"href":"https:\/\/gnidica.com\/it\/wp-json\/wp\/v2\/users\/1375"}],"replies":[{"embeddable":true,"href":"https:\/\/gnidica.com\/it\/wp-json\/wp\/v2\/comments?post=5476"}],"version-history":[{"count":0,"href":"https:\/\/gnidica.com\/it\/wp-json\/wp\/v2\/pages\/5476\/revisions"}],"wp:attachment":[{"href":"https:\/\/gnidica.com\/it\/wp-json\/wp\/v2\/media?parent=5476"}],"curies":[{"name":"wp","href":"https:\/\/api.w.org\/{rel}","templated":true}]}}